{"id":59588,"date":"2024-07-26T19:47:07","date_gmt":"2024-07-26T17:47:07","guid":{"rendered":"https:\/\/al-samiya.com\/domande-frequenti\/"},"modified":"2025-05-29T06:58:07","modified_gmt":"2025-05-29T04:58:07","slug":"domande-frequenti","status":"publish","type":"page","link":"https:\/\/al-samiya.com\/it\/domande-frequenti\/","title":{"rendered":"Domande frequenti"},"content":{"rendered":"\t\t<div data-elementor-type=\"wp-page\" data-elementor-id=\"59588\" class=\"elementor elementor-59588 elementor-44885\">\n\t\t\t\t\t\t<section class=\"elementor-section elementor-top-section elementor-element elementor-element-99be41d elementor-section-boxed elementor-section-height-default elementor-section-height-default sc_fly_static\" data-id=\"99be41d\" data-element_type=\"section\" data-e-type=\"section\">\n\t\t\t\t\t\t<div class=\"elementor-container elementor-column-gap-extended\">\n\t\t\t\t\t<div class=\"elementor-column elementor-col-100 elementor-top-column elementor-element elementor-element-75ebf7a sc_content_align_inherit sc_layouts_column_icons_position_left sc_fly_static\" data-id=\"75ebf7a\" data-element_type=\"column\" data-e-type=\"column\">\n\t\t\t<div class=\"elementor-widget-wrap elementor-element-populated\">\n\t\t\t\t\t\t<div class=\"elementor-element elementor-element-aeea748 sc_fly_static elementor-widget elementor-widget-spacer\" data-id=\"aeea748\" data-element_type=\"widget\" data-e-type=\"widget\" data-widget_type=\"spacer.default\">\n\t\t\t\t<div class=\"elementor-widget-container\">\n\t\t\t\t\t\t\t<div class=\"elementor-spacer\">\n\t\t\t<div class=\"elementor-spacer-inner\"><\/div>\n\t\t<\/div>\n\t\t\t\t\t\t<\/div>\n\t\t\t\t<\/div>\n\t\t\t\t\t<\/div>\n\t\t<\/div>\n\t\t\t\t\t<\/div>\n\t\t<\/section>\n\t\t\t\t<section class=\"elementor-section elementor-top-section elementor-element elementor-element-c885eec elementor-section-content-middle elementor-section-boxed elementor-section-height-default elementor-section-height-default sc_fly_static\" data-id=\"c885eec\" data-element_type=\"section\" data-e-type=\"section\">\n\t\t\t\t\t\t<div class=\"elementor-container elementor-column-gap-extended\">\n\t\t\t\t\t<div class=\"elementor-column elementor-col-50 elementor-top-column elementor-element elementor-element-d49292c sc_content_align_inherit sc_layouts_column_icons_position_left sc_fly_static\" data-id=\"d49292c\" data-element_type=\"column\" data-e-type=\"column\">\n\t\t\t<div class=\"elementor-widget-wrap elementor-element-populated\">\n\t\t\t\t\t\t<div class=\"elementor-element elementor-element-2593807 sc_fly_static elementor-widget elementor-widget-image\" data-id=\"2593807\" data-element_type=\"widget\" data-e-type=\"widget\" data-widget_type=\"image.default\">\n\t\t\t\t<div class=\"elementor-widget-container\">\n\t\t\t\t\t\t\t\t\t\t\t\t\t\t\t<img fetchpriority=\"high\" decoding=\"async\" width=\"1920\" height=\"2219\" src=\"https:\/\/al-samiya.com\/wp-content\/uploads\/2024\/04\/service-image16-copyright.jpg\" class=\"attachment-full size-full wp-image-59435\" alt=\"\" srcset=\"https:\/\/al-samiya.com\/wp-content\/uploads\/2024\/04\/service-image16-copyright.jpg 1920w, https:\/\/al-samiya.com\/wp-content\/uploads\/2024\/04\/service-image16-copyright-260x300.jpg 260w, https:\/\/al-samiya.com\/wp-content\/uploads\/2024\/04\/service-image16-copyright-886x1024.jpg 886w, https:\/\/al-samiya.com\/wp-content\/uploads\/2024\/04\/service-image16-copyright-768x888.jpg 768w, https:\/\/al-samiya.com\/wp-content\/uploads\/2024\/04\/service-image16-copyright-1329x1536.jpg 1329w, https:\/\/al-samiya.com\/wp-content\/uploads\/2024\/04\/service-image16-copyright-1772x2048.jpg 1772w, https:\/\/al-samiya.com\/wp-content\/uploads\/2024\/04\/service-image16-copyright-370x428.jpg 370w, https:\/\/al-samiya.com\/wp-content\/uploads\/2024\/04\/service-image16-copyright-840x971.jpg 840w, https:\/\/al-samiya.com\/wp-content\/uploads\/2024\/04\/service-image16-copyright-410x474.jpg 410w, https:\/\/al-samiya.com\/wp-content\/uploads\/2024\/04\/service-image16-copyright-600x693.jpg 600w\" sizes=\"(max-width: 1920px) 100vw, 1920px\" \/>\t\t\t\t\t\t\t\t\t\t\t\t\t\t\t<\/div>\n\t\t\t\t<\/div>\n\t\t\t\t\t<\/div>\n\t\t<\/div>\n\t\t\t\t<div class=\"elementor-column elementor-col-50 elementor-top-column elementor-element elementor-element-7d89d31 sc_content_align_inherit sc_layouts_column_icons_position_left sc_fly_static\" data-id=\"7d89d31\" data-element_type=\"column\" data-e-type=\"column\">\n\t\t\t<div class=\"elementor-widget-wrap elementor-element-populated\">\n\t\t\t\t\t\t<div class=\"elementor-element elementor-element-6f31106 sc_fly_static elementor-widget elementor-widget-trx_sc_title\" data-id=\"6f31106\" data-element_type=\"widget\" data-e-type=\"widget\" data-widget_type=\"trx_sc_title.default\">\n\t\t\t\t<div class=\"elementor-widget-container\">\n\t\t\t\t\t<div\t\tclass=\"sc_title sc_title_default\" ><span class=\"sc_item_subtitle sc_title_subtitle sc_item_subtitle_above sc_item_title_style_default\">Domande e risposte<\/span><h1 class=\"sc_item_title sc_title_title sc_item_title_style_default sc_item_title_tag\"\n\t\t\t><span class=\"sc_item_title_text\">Domande frequenti<\/span><\/h1><\/div>\t\t\t\t<\/div>\n\t\t\t\t<\/div>\n\t\t\t\t<div class=\"elementor-element elementor-element-08fb323 sc_fly_static elementor-widget elementor-widget-spacer\" data-id=\"08fb323\" data-element_type=\"widget\" data-e-type=\"widget\" data-widget_type=\"spacer.default\">\n\t\t\t\t<div class=\"elementor-widget-container\">\n\t\t\t\t\t\t\t<div class=\"elementor-spacer\">\n\t\t\t<div class=\"elementor-spacer-inner\"><\/div>\n\t\t<\/div>\n\t\t\t\t\t\t<\/div>\n\t\t\t\t<\/div>\n\t\t\t\t<div class=\"elementor-element elementor-element-afab0f9 elementor-widget-divider--view-line sc_fly_static elementor-widget elementor-widget-divider\" data-id=\"afab0f9\" data-element_type=\"widget\" data-e-type=\"widget\" data-widget_type=\"divider.default\">\n\t\t\t\t<div class=\"elementor-widget-container\">\n\t\t\t\t\t\t\t<div class=\"elementor-divider\">\n\t\t\t<span class=\"elementor-divider-separator\">\n\t\t\t\t\t\t<\/span>\n\t\t<\/div>\n\t\t\t\t\t\t<\/div>\n\t\t\t\t<\/div>\n\t\t\t\t<div class=\"elementor-element elementor-element-aa35e01 bordered sc_fly_static elementor-widget elementor-widget-accordion\" data-id=\"aa35e01\" data-element_type=\"widget\" data-e-type=\"widget\" data-widget_type=\"accordion.default\">\n\t\t\t\t<div class=\"elementor-widget-container\">\n\t\t\t\t\t\t\t<div class=\"elementor-accordion\">\n\t\t\t\t\t\t\t<div class=\"elementor-accordion-item\">\n\t\t\t\t\t<h5 id=\"elementor-tab-title-1781\" class=\"elementor-tab-title\" data-tab=\"1\" role=\"button\" aria-controls=\"elementor-tab-content-1781\" aria-expanded=\"false\">\n\t\t\t\t\t\t\t\t\t\t\t\t\t<span class=\"elementor-accordion-icon elementor-accordion-icon-right\" aria-hidden=\"true\">\n\t\t\t\t\t\t\t\t\t\t\t\t\t\t\t<span class=\"elementor-accordion-icon-closed\"><svg xmlns=\"http:\/\/www.w3.org\/2000\/svg\" xmlns:xlink=\"http:\/\/www.w3.org\/1999\/xlink\" x=\"0px\" y=\"0px\" viewBox=\"0 0 19.9 19.9\" style=\"enable-background:new 0 0 19.9 19.9;\" xml:space=\"preserve\"><path d=\"M18,8.8l-5-5 c-0.3-0.3-0.8-0.3-1.1,0c-0.3,0.3-0.3,0.8,0,1.1l3.6,3.6H2.4C2,8.6,1.6,8.9,1.6,9.4c0,0.4,0.3,0.8,0.8,0.8h13.2L12,13.8 c-0.3,0.3-0.3,0.8,0,1.1c0.3,0.3,0.8,0.3,1.1,0l5-5C18.3,9.6,18.3,9.1,18,8.8z\"><\/path><\/svg><\/span>\n\t\t\t\t\t\t\t\t<span class=\"elementor-accordion-icon-opened\"><svg xmlns=\"http:\/\/www.w3.org\/2000\/svg\" xmlns:xlink=\"http:\/\/www.w3.org\/1999\/xlink\" x=\"0px\" y=\"0px\" viewBox=\"0 0 19.9 19.9\" style=\"enable-background:new 0 0 19.9 19.9;\" xml:space=\"preserve\"><path d=\"M16.1,15.3l0-7c0-0.4-0.3-0.8-0.8-0.8c-0.4,0-0.8,0.3-0.8,0.8l0,5.1L5.1,4.1 c-0.3-0.3-0.8-0.3-1.1,0c-0.3,0.3-0.3,0.8,0,1.1l9.4,9.4l-5.1,0c-0.4,0-0.8,0.3-0.8,0.8c0,0.4,0.3,0.8,0.8,0.8l7,0 C15.7,16.1,16.1,15.7,16.1,15.3z\"><\/path><\/svg><\/span>\n\t\t\t\t\t\t\t\t\t\t\t\t\t\t<\/span>\n\t\t\t\t\t\t\t\t\t\t\t\t<a class=\"elementor-accordion-title\" tabindex=\"0\">Sei in grado di distribuire in tutte le regioni della Libia?<\/a>\n\t\t\t\t\t<\/h5>\n\t\t\t\t\t<div id=\"elementor-tab-content-1781\" class=\"elementor-tab-content elementor-clearfix\" data-tab=\"1\" role=\"region\" aria-labelledby=\"elementor-tab-title-1781\"><p class=\"p1\">S\u00ec, Al Samiya gestisce una rete di distribuzione ben consolidata che copre le principali citt\u00e0 e le aree pi\u00f9 remote, garantendo una copertura nazionale.<\/p>\n<\/div>\n\t\t\t\t<\/div>\n\t\t\t\t\t\t\t<div class=\"elementor-accordion-item\">\n\t\t\t\t\t<h5 id=\"elementor-tab-title-1782\" class=\"elementor-tab-title\" data-tab=\"2\" role=\"button\" aria-controls=\"elementor-tab-content-1782\" aria-expanded=\"false\">\n\t\t\t\t\t\t\t\t\t\t\t\t\t<span class=\"elementor-accordion-icon elementor-accordion-icon-right\" aria-hidden=\"true\">\n\t\t\t\t\t\t\t\t\t\t\t\t\t\t\t<span class=\"elementor-accordion-icon-closed\"><svg xmlns=\"http:\/\/www.w3.org\/2000\/svg\" xmlns:xlink=\"http:\/\/www.w3.org\/1999\/xlink\" x=\"0px\" y=\"0px\" viewBox=\"0 0 19.9 19.9\" style=\"enable-background:new 0 0 19.9 19.9;\" xml:space=\"preserve\"><path d=\"M18,8.8l-5-5 c-0.3-0.3-0.8-0.3-1.1,0c-0.3,0.3-0.3,0.8,0,1.1l3.6,3.6H2.4C2,8.6,1.6,8.9,1.6,9.4c0,0.4,0.3,0.8,0.8,0.8h13.2L12,13.8 c-0.3,0.3-0.3,0.8,0,1.1c0.3,0.3,0.8,0.3,1.1,0l5-5C18.3,9.6,18.3,9.1,18,8.8z\"><\/path><\/svg><\/span>\n\t\t\t\t\t\t\t\t<span class=\"elementor-accordion-icon-opened\"><svg xmlns=\"http:\/\/www.w3.org\/2000\/svg\" xmlns:xlink=\"http:\/\/www.w3.org\/1999\/xlink\" x=\"0px\" y=\"0px\" viewBox=\"0 0 19.9 19.9\" style=\"enable-background:new 0 0 19.9 19.9;\" xml:space=\"preserve\"><path d=\"M16.1,15.3l0-7c0-0.4-0.3-0.8-0.8-0.8c-0.4,0-0.8,0.3-0.8,0.8l0,5.1L5.1,4.1 c-0.3-0.3-0.8-0.3-1.1,0c-0.3,0.3-0.3,0.8,0,1.1l9.4,9.4l-5.1,0c-0.4,0-0.8,0.3-0.8,0.8c0,0.4,0.3,0.8,0.8,0.8l7,0 C15.7,16.1,16.1,15.7,16.1,15.3z\"><\/path><\/svg><\/span>\n\t\t\t\t\t\t\t\t\t\t\t\t\t\t<\/span>\n\t\t\t\t\t\t\t\t\t\t\t\t<a class=\"elementor-accordion-title\" tabindex=\"0\">Sei in grado di gestire prodotti farmaceutici a catena fredda?<\/a>\n\t\t\t\t\t<\/h5>\n\t\t\t\t\t<div id=\"elementor-tab-content-1782\" class=\"elementor-tab-content elementor-clearfix\" data-tab=\"2\" role=\"region\" aria-labelledby=\"elementor-tab-title-1782\"><p class=\"p1\">Assolutamente s\u00ec. Manteniamo una catena del freddo certificata con una logistica a temperatura controllata per i farmaci e i vaccini sensibili.<\/p>\n<\/div>\n\t\t\t\t<\/div>\n\t\t\t\t\t\t\t<div class=\"elementor-accordion-item\">\n\t\t\t\t\t<h5 id=\"elementor-tab-title-1783\" class=\"elementor-tab-title\" data-tab=\"3\" role=\"button\" aria-controls=\"elementor-tab-content-1783\" aria-expanded=\"false\">\n\t\t\t\t\t\t\t\t\t\t\t\t\t<span class=\"elementor-accordion-icon elementor-accordion-icon-right\" aria-hidden=\"true\">\n\t\t\t\t\t\t\t\t\t\t\t\t\t\t\t<span class=\"elementor-accordion-icon-closed\"><svg xmlns=\"http:\/\/www.w3.org\/2000\/svg\" xmlns:xlink=\"http:\/\/www.w3.org\/1999\/xlink\" x=\"0px\" y=\"0px\" viewBox=\"0 0 19.9 19.9\" style=\"enable-background:new 0 0 19.9 19.9;\" xml:space=\"preserve\"><path d=\"M18,8.8l-5-5 c-0.3-0.3-0.8-0.3-1.1,0c-0.3,0.3-0.3,0.8,0,1.1l3.6,3.6H2.4C2,8.6,1.6,8.9,1.6,9.4c0,0.4,0.3,0.8,0.8,0.8h13.2L12,13.8 c-0.3,0.3-0.3,0.8,0,1.1c0.3,0.3,0.8,0.3,1.1,0l5-5C18.3,9.6,18.3,9.1,18,8.8z\"><\/path><\/svg><\/span>\n\t\t\t\t\t\t\t\t<span class=\"elementor-accordion-icon-opened\"><svg xmlns=\"http:\/\/www.w3.org\/2000\/svg\" xmlns:xlink=\"http:\/\/www.w3.org\/1999\/xlink\" x=\"0px\" y=\"0px\" viewBox=\"0 0 19.9 19.9\" style=\"enable-background:new 0 0 19.9 19.9;\" xml:space=\"preserve\"><path d=\"M16.1,15.3l0-7c0-0.4-0.3-0.8-0.8-0.8c-0.4,0-0.8,0.3-0.8,0.8l0,5.1L5.1,4.1 c-0.3-0.3-0.8-0.3-1.1,0c-0.3,0.3-0.3,0.8,0,1.1l9.4,9.4l-5.1,0c-0.4,0-0.8,0.3-0.8,0.8c0,0.4,0.3,0.8,0.8,0.8l7,0 C15.7,16.1,16.1,15.7,16.1,15.3z\"><\/path><\/svg><\/span>\n\t\t\t\t\t\t\t\t\t\t\t\t\t\t<\/span>\n\t\t\t\t\t\t\t\t\t\t\t\t<a class=\"elementor-accordion-title\" tabindex=\"0\">Che tipo di supporto normativo offrite alle importazioni?<\/a>\n\t\t\t\t\t<\/h5>\n\t\t\t\t\t<div id=\"elementor-tab-content-1783\" class=\"elementor-tab-content elementor-clearfix\" data-tab=\"3\" role=\"region\" aria-labelledby=\"elementor-tab-title-1783\"><p class=\"p1\">Assistiamo i partner nello sdoganamento, nella documentazione del MOH e nella conformit\u00e0 alle normative per garantire un ingresso senza problemi nel mercato sanitario libico.<\/p>\n<\/div>\n\t\t\t\t<\/div>\n\t\t\t\t\t\t\t<div class=\"elementor-accordion-item\">\n\t\t\t\t\t<h5 id=\"elementor-tab-title-1784\" class=\"elementor-tab-title\" data-tab=\"4\" role=\"button\" aria-controls=\"elementor-tab-content-1784\" aria-expanded=\"false\">\n\t\t\t\t\t\t\t\t\t\t\t\t\t<span class=\"elementor-accordion-icon elementor-accordion-icon-right\" aria-hidden=\"true\">\n\t\t\t\t\t\t\t\t\t\t\t\t\t\t\t<span class=\"elementor-accordion-icon-closed\"><svg xmlns=\"http:\/\/www.w3.org\/2000\/svg\" xmlns:xlink=\"http:\/\/www.w3.org\/1999\/xlink\" x=\"0px\" y=\"0px\" viewBox=\"0 0 19.9 19.9\" style=\"enable-background:new 0 0 19.9 19.9;\" xml:space=\"preserve\"><path d=\"M18,8.8l-5-5 c-0.3-0.3-0.8-0.3-1.1,0c-0.3,0.3-0.3,0.8,0,1.1l3.6,3.6H2.4C2,8.6,1.6,8.9,1.6,9.4c0,0.4,0.3,0.8,0.8,0.8h13.2L12,13.8 c-0.3,0.3-0.3,0.8,0,1.1c0.3,0.3,0.8,0.3,1.1,0l5-5C18.3,9.6,18.3,9.1,18,8.8z\"><\/path><\/svg><\/span>\n\t\t\t\t\t\t\t\t<span class=\"elementor-accordion-icon-opened\"><svg xmlns=\"http:\/\/www.w3.org\/2000\/svg\" xmlns:xlink=\"http:\/\/www.w3.org\/1999\/xlink\" x=\"0px\" y=\"0px\" viewBox=\"0 0 19.9 19.9\" style=\"enable-background:new 0 0 19.9 19.9;\" xml:space=\"preserve\"><path d=\"M16.1,15.3l0-7c0-0.4-0.3-0.8-0.8-0.8c-0.4,0-0.8,0.3-0.8,0.8l0,5.1L5.1,4.1 c-0.3-0.3-0.8-0.3-1.1,0c-0.3,0.3-0.3,0.8,0,1.1l9.4,9.4l-5.1,0c-0.4,0-0.8,0.3-0.8,0.8c0,0.4,0.3,0.8,0.8,0.8l7,0 C15.7,16.1,16.1,15.7,16.1,15.3z\"><\/path><\/svg><\/span>\n\t\t\t\t\t\t\t\t\t\t\t\t\t\t<\/span>\n\t\t\t\t\t\t\t\t\t\t\t\t<a class=\"elementor-accordion-title\" tabindex=\"0\">Lavorate solo con aziende libiche?<\/a>\n\t\t\t\t\t<\/h5>\n\t\t\t\t\t<div id=\"elementor-tab-content-1784\" class=\"elementor-tab-content elementor-clearfix\" data-tab=\"4\" role=\"region\" aria-labelledby=\"elementor-tab-title-1784\"><p class=\"p1\">No. Siamo specializzati nel mettere in contatto i produttori internazionali con gli acquirenti libici, fungendo da distributore locale di fiducia.<\/p>\n<\/div>\n\t\t\t\t<\/div>\n\t\t\t\t\t\t\t<div class=\"elementor-accordion-item\">\n\t\t\t\t\t<h5 id=\"elementor-tab-title-1785\" class=\"elementor-tab-title\" data-tab=\"5\" role=\"button\" aria-controls=\"elementor-tab-content-1785\" aria-expanded=\"false\">\n\t\t\t\t\t\t\t\t\t\t\t\t\t<span class=\"elementor-accordion-icon elementor-accordion-icon-right\" aria-hidden=\"true\">\n\t\t\t\t\t\t\t\t\t\t\t\t\t\t\t<span class=\"elementor-accordion-icon-closed\"><svg xmlns=\"http:\/\/www.w3.org\/2000\/svg\" xmlns:xlink=\"http:\/\/www.w3.org\/1999\/xlink\" x=\"0px\" y=\"0px\" viewBox=\"0 0 19.9 19.9\" style=\"enable-background:new 0 0 19.9 19.9;\" xml:space=\"preserve\"><path d=\"M18,8.8l-5-5 c-0.3-0.3-0.8-0.3-1.1,0c-0.3,0.3-0.3,0.8,0,1.1l3.6,3.6H2.4C2,8.6,1.6,8.9,1.6,9.4c0,0.4,0.3,0.8,0.8,0.8h13.2L12,13.8 c-0.3,0.3-0.3,0.8,0,1.1c0.3,0.3,0.8,0.3,1.1,0l5-5C18.3,9.6,18.3,9.1,18,8.8z\"><\/path><\/svg><\/span>\n\t\t\t\t\t\t\t\t<span class=\"elementor-accordion-icon-opened\"><svg xmlns=\"http:\/\/www.w3.org\/2000\/svg\" xmlns:xlink=\"http:\/\/www.w3.org\/1999\/xlink\" x=\"0px\" y=\"0px\" viewBox=\"0 0 19.9 19.9\" style=\"enable-background:new 0 0 19.9 19.9;\" xml:space=\"preserve\"><path d=\"M16.1,15.3l0-7c0-0.4-0.3-0.8-0.8-0.8c-0.4,0-0.8,0.3-0.8,0.8l0,5.1L5.1,4.1 c-0.3-0.3-0.8-0.3-1.1,0c-0.3,0.3-0.3,0.8,0,1.1l9.4,9.4l-5.1,0c-0.4,0-0.8,0.3-0.8,0.8c0,0.4,0.3,0.8,0.8,0.8l7,0 C15.7,16.1,16.1,15.7,16.1,15.3z\"><\/path><\/svg><\/span>\n\t\t\t\t\t\t\t\t\t\t\t\t\t\t<\/span>\n\t\t\t\t\t\t\t\t\t\t\t\t<a class=\"elementor-accordion-title\" tabindex=\"0\">Puoi scalare la distribuzione per le spedizioni di massa o continuative?<\/a>\n\t\t\t\t\t<\/h5>\n\t\t\t\t\t<div id=\"elementor-tab-content-1785\" class=\"elementor-tab-content elementor-clearfix\" data-tab=\"5\" role=\"region\" aria-labelledby=\"elementor-tab-title-1785\"><p class=\"p1\">S\u00ec, la nostra infrastruttura supporta spedizioni ad alto volume con la flessibilit\u00e0 di scalare in base alle tue esigenze.<\/p>\n<\/div>\n\t\t\t\t<\/div>\n\t\t\t\t\t\t\t\t<\/div>\n\t\t\t\t\t\t<\/div>\n\t\t\t\t<\/div>\n\t\t\t\t<div class=\"elementor-element elementor-element-45adda8 elementor-widget-divider--view-line sc_fly_static elementor-widget elementor-widget-divider\" data-id=\"45adda8\" data-element_type=\"widget\" data-e-type=\"widget\" data-widget_type=\"divider.default\">\n\t\t\t\t<div class=\"elementor-widget-container\">\n\t\t\t\t\t\t\t<div class=\"elementor-divider\">\n\t\t\t<span class=\"elementor-divider-separator\">\n\t\t\t\t\t\t<\/span>\n\t\t<\/div>\n\t\t\t\t\t\t<\/div>\n\t\t\t\t<\/div>\n\t\t\t\t\t<\/div>\n\t\t<\/div>\n\t\t\t\t\t<\/div>\n\t\t<\/section>\n\t\t\t\t<section class=\"elementor-section elementor-top-section elementor-element elementor-element-0730361 elementor-section-boxed elementor-section-height-default elementor-section-height-default sc_fly_static\" data-id=\"0730361\" data-element_type=\"section\" data-e-type=\"section\">\n\t\t\t\t\t\t<div class=\"elementor-container elementor-column-gap-extended\">\n\t\t\t\t\t<div class=\"elementor-column elementor-col-100 elementor-top-column elementor-element elementor-element-14b44cf sc_content_align_inherit sc_layouts_column_icons_position_left sc_fly_static\" data-id=\"14b44cf\" data-element_type=\"column\" data-e-type=\"column\">\n\t\t\t<div class=\"elementor-widget-wrap elementor-element-populated\">\n\t\t\t\t\t\t<div class=\"elementor-element elementor-element-05953e2 sc_height_huge sc_fly_static elementor-widget elementor-widget-spacer\" data-id=\"05953e2\" data-element_type=\"widget\" data-e-type=\"widget\" data-widget_type=\"spacer.default\">\n\t\t\t\t<div class=\"elementor-widget-container\">\n\t\t\t\t\t\t\t<div class=\"elementor-spacer\">\n\t\t\t<div class=\"elementor-spacer-inner\"><\/div>\n\t\t<\/div>\n\t\t\t\t\t\t<\/div>\n\t\t\t\t<\/div>\n\t\t\t\t\t<\/div>\n\t\t<\/div>\n\t\t\t\t\t<\/div>\n\t\t<\/section>\n\t\t\t\t<\/div>\n\t\t","protected":false},"excerpt":{"rendered":"<p>Domande e risposte Domande frequenti Sei in grado di distribuire in tutte le regioni della Libia? S\u00ec, Al Samiya gestisce una rete di distribuzione ben consolidata che copre le principali&hellip;<\/p>\n","protected":false},"author":1,"featured_media":0,"parent":0,"menu_order":0,"comment_status":"closed","ping_status":"closed","template":"","meta":{"footnotes":""},"class_list":["post-59588","page","type-page","status-publish","hentry"],"yoast_head":"<!-- This site is optimized with the Yoast SEO plugin v27.6 - https:\/\/yoast.com\/product\/yoast-seo-wordpress\/ -->\n<title>Domande frequenti - Alsamiya<\/title>\n<meta name=\"robots\" content=\"index, follow, max-snippet:-1, max-image-preview:large, max-video-preview:-1\" \/>\n<link rel=\"canonical\" href=\"https:\/\/al-samiya.com\/it\/domande-frequenti\/\" \/>\n<meta property=\"og:locale\" content=\"it_IT\" \/>\n<meta property=\"og:type\" content=\"article\" \/>\n<meta property=\"og:title\" content=\"Domande frequenti - Alsamiya\" \/>\n<meta property=\"og:description\" content=\"Domande e risposte Domande frequenti Sei in grado di distribuire in tutte le regioni della Libia? S\u00ec, Al Samiya gestisce una rete di distribuzione ben consolidata che copre le principali&hellip;\" \/>\n<meta property=\"og:url\" content=\"https:\/\/al-samiya.com\/it\/domande-frequenti\/\" \/>\n<meta property=\"og:site_name\" content=\"Alsamiya\" \/>\n<meta property=\"article:modified_time\" content=\"2025-05-29T04:58:07+00:00\" \/>\n<meta property=\"og:image\" content=\"https:\/\/al-samiya.com\/wp-content\/uploads\/2024\/04\/service-image16-copyright.jpg\" \/>\n\t<meta property=\"og:image:width\" content=\"1920\" \/>\n\t<meta property=\"og:image:height\" content=\"2219\" \/>\n\t<meta property=\"og:image:type\" content=\"image\/jpeg\" \/>\n<meta name=\"twitter:card\" content=\"summary_large_image\" \/>\n<meta name=\"twitter:label1\" content=\"Tempo di lettura stimato\" \/>\n\t<meta name=\"twitter:data1\" content=\"1 minuto\" \/>\n<script type=\"application\/ld+json\" class=\"yoast-schema-graph\">{\"@context\":\"https:\\\/\\\/schema.org\",\"@graph\":[{\"@type\":\"WebPage\",\"@id\":\"https:\\\/\\\/al-samiya.com\\\/it\\\/domande-frequenti\\\/\",\"url\":\"https:\\\/\\\/al-samiya.com\\\/it\\\/domande-frequenti\\\/\",\"name\":\"Domande frequenti - Alsamiya\",\"isPartOf\":{\"@id\":\"https:\\\/\\\/al-samiya.com\\\/it\\\/#website\"},\"primaryImageOfPage\":{\"@id\":\"https:\\\/\\\/al-samiya.com\\\/it\\\/domande-frequenti\\\/#primaryimage\"},\"image\":{\"@id\":\"https:\\\/\\\/al-samiya.com\\\/it\\\/domande-frequenti\\\/#primaryimage\"},\"thumbnailUrl\":\"https:\\\/\\\/al-samiya.com\\\/wp-content\\\/uploads\\\/2024\\\/04\\\/service-image16-copyright.jpg\",\"datePublished\":\"2024-07-26T17:47:07+00:00\",\"dateModified\":\"2025-05-29T04:58:07+00:00\",\"breadcrumb\":{\"@id\":\"https:\\\/\\\/al-samiya.com\\\/it\\\/domande-frequenti\\\/#breadcrumb\"},\"inLanguage\":\"it-IT\",\"potentialAction\":[{\"@type\":\"ReadAction\",\"target\":[\"https:\\\/\\\/al-samiya.com\\\/it\\\/domande-frequenti\\\/\"]}]},{\"@type\":\"ImageObject\",\"inLanguage\":\"it-IT\",\"@id\":\"https:\\\/\\\/al-samiya.com\\\/it\\\/domande-frequenti\\\/#primaryimage\",\"url\":\"https:\\\/\\\/al-samiya.com\\\/wp-content\\\/uploads\\\/2024\\\/04\\\/service-image16-copyright.jpg\",\"contentUrl\":\"https:\\\/\\\/al-samiya.com\\\/wp-content\\\/uploads\\\/2024\\\/04\\\/service-image16-copyright.jpg\"},{\"@type\":\"BreadcrumbList\",\"@id\":\"https:\\\/\\\/al-samiya.com\\\/it\\\/domande-frequenti\\\/#breadcrumb\",\"itemListElement\":[{\"@type\":\"ListItem\",\"position\":1,\"name\":\"Home\",\"item\":\"https:\\\/\\\/al-samiya.com\\\/it\\\/pagina-iniziale\\\/\"},{\"@type\":\"ListItem\",\"position\":2,\"name\":\"Domande frequenti\"}]},{\"@type\":\"WebSite\",\"@id\":\"https:\\\/\\\/al-samiya.com\\\/it\\\/#website\",\"url\":\"https:\\\/\\\/al-samiya.com\\\/it\\\/\",\"name\":\"Alsamiya\",\"description\":\"Pharmaceuticals &amp; Healthcare Equipments\",\"publisher\":{\"@id\":\"https:\\\/\\\/al-samiya.com\\\/it\\\/#organization\"},\"potentialAction\":[{\"@type\":\"SearchAction\",\"target\":{\"@type\":\"EntryPoint\",\"urlTemplate\":\"https:\\\/\\\/al-samiya.com\\\/it\\\/?s={search_term_string}\"},\"query-input\":{\"@type\":\"PropertyValueSpecification\",\"valueRequired\":true,\"valueName\":\"search_term_string\"}}],\"inLanguage\":\"it-IT\"},{\"@type\":\"Organization\",\"@id\":\"https:\\\/\\\/al-samiya.com\\\/it\\\/#organization\",\"name\":\"Alsamiya\",\"url\":\"https:\\\/\\\/al-samiya.com\\\/it\\\/\",\"logo\":{\"@type\":\"ImageObject\",\"inLanguage\":\"it-IT\",\"@id\":\"https:\\\/\\\/al-samiya.com\\\/it\\\/#\\\/schema\\\/logo\\\/image\\\/\",\"url\":\"https:\\\/\\\/al-samiya.com\\\/wp-content\\\/uploads\\\/2024\\\/03\\\/SIte-logo-blue.avif\",\"contentUrl\":\"https:\\\/\\\/al-samiya.com\\\/wp-content\\\/uploads\\\/2024\\\/03\\\/SIte-logo-blue.avif\",\"width\":1257,\"height\":499,\"caption\":\"Alsamiya\"},\"image\":{\"@id\":\"https:\\\/\\\/al-samiya.com\\\/it\\\/#\\\/schema\\\/logo\\\/image\\\/\"}}]}<\/script>\n<!-- \/ Yoast SEO plugin. -->","yoast_head_json":{"title":"Domande frequenti - Alsamiya","robots":{"index":"index","follow":"follow","max-snippet":"max-snippet:-1","max-image-preview":"max-image-preview:large","max-video-preview":"max-video-preview:-1"},"canonical":"https:\/\/al-samiya.com\/it\/domande-frequenti\/","og_locale":"it_IT","og_type":"article","og_title":"Domande frequenti - Alsamiya","og_description":"Domande e risposte Domande frequenti Sei in grado di distribuire in tutte le regioni della Libia? S\u00ec, Al Samiya gestisce una rete di distribuzione ben consolidata che copre le principali&hellip;","og_url":"https:\/\/al-samiya.com\/it\/domande-frequenti\/","og_site_name":"Alsamiya","article_modified_time":"2025-05-29T04:58:07+00:00","og_image":[{"width":1920,"height":2219,"url":"https:\/\/al-samiya.com\/wp-content\/uploads\/2024\/04\/service-image16-copyright.jpg","type":"image\/jpeg"}],"twitter_card":"summary_large_image","twitter_misc":{"Tempo di lettura stimato":"1 minuto"},"schema":{"@context":"https:\/\/schema.org","@graph":[{"@type":"WebPage","@id":"https:\/\/al-samiya.com\/it\/domande-frequenti\/","url":"https:\/\/al-samiya.com\/it\/domande-frequenti\/","name":"Domande frequenti - Alsamiya","isPartOf":{"@id":"https:\/\/al-samiya.com\/it\/#website"},"primaryImageOfPage":{"@id":"https:\/\/al-samiya.com\/it\/domande-frequenti\/#primaryimage"},"image":{"@id":"https:\/\/al-samiya.com\/it\/domande-frequenti\/#primaryimage"},"thumbnailUrl":"https:\/\/al-samiya.com\/wp-content\/uploads\/2024\/04\/service-image16-copyright.jpg","datePublished":"2024-07-26T17:47:07+00:00","dateModified":"2025-05-29T04:58:07+00:00","breadcrumb":{"@id":"https:\/\/al-samiya.com\/it\/domande-frequenti\/#breadcrumb"},"inLanguage":"it-IT","potentialAction":[{"@type":"ReadAction","target":["https:\/\/al-samiya.com\/it\/domande-frequenti\/"]}]},{"@type":"ImageObject","inLanguage":"it-IT","@id":"https:\/\/al-samiya.com\/it\/domande-frequenti\/#primaryimage","url":"https:\/\/al-samiya.com\/wp-content\/uploads\/2024\/04\/service-image16-copyright.jpg","contentUrl":"https:\/\/al-samiya.com\/wp-content\/uploads\/2024\/04\/service-image16-copyright.jpg"},{"@type":"BreadcrumbList","@id":"https:\/\/al-samiya.com\/it\/domande-frequenti\/#breadcrumb","itemListElement":[{"@type":"ListItem","position":1,"name":"Home","item":"https:\/\/al-samiya.com\/it\/pagina-iniziale\/"},{"@type":"ListItem","position":2,"name":"Domande frequenti"}]},{"@type":"WebSite","@id":"https:\/\/al-samiya.com\/it\/#website","url":"https:\/\/al-samiya.com\/it\/","name":"Alsamiya","description":"Pharmaceuticals &amp; Healthcare Equipments","publisher":{"@id":"https:\/\/al-samiya.com\/it\/#organization"},"potentialAction":[{"@type":"SearchAction","target":{"@type":"EntryPoint","urlTemplate":"https:\/\/al-samiya.com\/it\/?s={search_term_string}"},"query-input":{"@type":"PropertyValueSpecification","valueRequired":true,"valueName":"search_term_string"}}],"inLanguage":"it-IT"},{"@type":"Organization","@id":"https:\/\/al-samiya.com\/it\/#organization","name":"Alsamiya","url":"https:\/\/al-samiya.com\/it\/","logo":{"@type":"ImageObject","inLanguage":"it-IT","@id":"https:\/\/al-samiya.com\/it\/#\/schema\/logo\/image\/","url":"https:\/\/al-samiya.com\/wp-content\/uploads\/2024\/03\/SIte-logo-blue.avif","contentUrl":"https:\/\/al-samiya.com\/wp-content\/uploads\/2024\/03\/SIte-logo-blue.avif","width":1257,"height":499,"caption":"Alsamiya"},"image":{"@id":"https:\/\/al-samiya.com\/it\/#\/schema\/logo\/image\/"}}]}},"_links":{"self":[{"href":"https:\/\/al-samiya.com\/it\/wp-json\/wp\/v2\/pages\/59588","targetHints":{"allow":["GET"]}}],"collection":[{"href":"https:\/\/al-samiya.com\/it\/wp-json\/wp\/v2\/pages"}],"about":[{"href":"https:\/\/al-samiya.com\/it\/wp-json\/wp\/v2\/types\/page"}],"author":[{"embeddable":true,"href":"https:\/\/al-samiya.com\/it\/wp-json\/wp\/v2\/users\/1"}],"replies":[{"embeddable":true,"href":"https:\/\/al-samiya.com\/it\/wp-json\/wp\/v2\/comments?post=59588"}],"version-history":[{"count":1,"href":"https:\/\/al-samiya.com\/it\/wp-json\/wp\/v2\/pages\/59588\/revisions"}],"predecessor-version":[{"id":59597,"href":"https:\/\/al-samiya.com\/it\/wp-json\/wp\/v2\/pages\/59588\/revisions\/59597"}],"wp:attachment":[{"href":"https:\/\/al-samiya.com\/it\/wp-json\/wp\/v2\/media?parent=59588"}],"curies":[{"name":"wp","href":"https:\/\/api.w.org\/{rel}","templated":true}]}}