{"id":59607,"date":"2024-06-30T11:12:41","date_gmt":"2024-06-30T09:12:41","guid":{"rendered":"https:\/\/al-samiya.com\/contactez-nous\/"},"modified":"2025-05-29T06:58:20","modified_gmt":"2025-05-29T04:58:20","slug":"contactez-nous","status":"publish","type":"page","link":"https:\/\/al-samiya.com\/fr\/contactez-nous\/","title":{"rendered":"Contactez nous"},"content":{"rendered":"\t\t<div data-elementor-type=\"wp-page\" data-elementor-id=\"59607\" class=\"elementor elementor-59607 elementor-1453\">\n\t\t\t\t\t\t<section class=\"elementor-section elementor-top-section elementor-element elementor-element-e9703c3 elementor-section-boxed elementor-section-height-default elementor-section-height-default sc_fly_static\" data-id=\"e9703c3\" data-element_type=\"section\" data-e-type=\"section\">\n\t\t\t\t\t\t<div class=\"elementor-container elementor-column-gap-extended\">\n\t\t\t\t\t<div class=\"elementor-column elementor-col-100 elementor-top-column elementor-element elementor-element-6c7ef0e sc_content_align_inherit sc_layouts_column_icons_position_left sc_fly_static\" data-id=\"6c7ef0e\" data-element_type=\"column\" data-e-type=\"column\">\n\t\t\t<div class=\"elementor-widget-wrap elementor-element-populated\">\n\t\t\t\t\t\t<div class=\"elementor-element elementor-element-59f3532 sc_fly_static elementor-widget elementor-widget-spacer\" data-id=\"59f3532\" data-element_type=\"widget\" data-e-type=\"widget\" data-widget_type=\"spacer.default\">\n\t\t\t\t<div class=\"elementor-widget-container\">\n\t\t\t\t\t\t\t<div class=\"elementor-spacer\">\n\t\t\t<div class=\"elementor-spacer-inner\"><\/div>\n\t\t<\/div>\n\t\t\t\t\t\t<\/div>\n\t\t\t\t<\/div>\n\t\t\t\t\t<\/div>\n\t\t<\/div>\n\t\t\t\t\t<\/div>\n\t\t<\/section>\n\t\t\t\t<section class=\"elementor-section elementor-top-section elementor-element elementor-element-37b12c82 elementor-section-boxed elementor-section-height-default elementor-section-height-default sc_fly_static\" data-id=\"37b12c82\" data-element_type=\"section\" data-e-type=\"section\">\n\t\t\t\t\t\t<div class=\"elementor-container elementor-column-gap-extended\">\n\t\t\t\t\t<div class=\"elementor-column elementor-col-50 elementor-top-column elementor-element elementor-element-bd012a3 sc_content_align_inherit sc_layouts_column_icons_position_left sc_fly_static\" data-id=\"bd012a3\" data-element_type=\"column\" data-e-type=\"column\">\n\t\t\t<div class=\"elementor-widget-wrap elementor-element-populated\">\n\t\t\t\t\t\t<div class=\"elementor-element elementor-element-623cf654 elementor-widget__width-initial sc_fly_static elementor-widget elementor-widget-trx_sc_title\" data-id=\"623cf654\" data-element_type=\"widget\" data-e-type=\"widget\" data-widget_type=\"trx_sc_title.default\">\n\t\t\t\t<div class=\"elementor-widget-container\">\n\t\t\t\t\t<div\t\tclass=\"sc_title sc_title_default\" ><span class=\"sc_item_subtitle sc_title_subtitle sc_item_subtitle_above sc_item_title_style_default\">Contactez nous<\/span><h1 class=\"sc_item_title sc_title_title sc_item_title_style_default sc_item_title_tag\"\n\t\t\t><span class=\"sc_item_title_text\">Vous avez des questions ? <br>Prenez contact avec nous ! <\/span><\/h1><div class=\"sc_item_descr sc_title_descr\"><p>Nous sommes l\u00e0 pour \u00e9tablir des liens avec les fabricants, les fournisseurs et les professionnels de la sant\u00e9. N'h\u00e9sitez pas \u00e0 nous contacter pour des demandes de distribution, des opportunit\u00e9s de partenariat ou des informations g\u00e9n\u00e9rales. <\/p>\n<\/div><\/div>\t\t\t\t<\/div>\n\t\t\t\t<\/div>\n\t\t\t\t<div class=\"elementor-element elementor-element-b4c00f4 sc_fly_static elementor-widget elementor-widget-spacer\" data-id=\"b4c00f4\" data-element_type=\"widget\" data-e-type=\"widget\" data-widget_type=\"spacer.default\">\n\t\t\t\t<div class=\"elementor-widget-container\">\n\t\t\t\t\t\t\t<div class=\"elementor-spacer\">\n\t\t\t<div class=\"elementor-spacer-inner\"><\/div>\n\t\t<\/div>\n\t\t\t\t\t\t<\/div>\n\t\t\t\t<\/div>\n\t\t\t\t<div class=\"elementor-element elementor-element-4f3ad1b6 sc_fly_static elementor-widget elementor-widget-trx_sc_icons\" data-id=\"4f3ad1b6\" data-element_type=\"widget\" data-e-type=\"widget\" data-widget_type=\"trx_sc_icons.default\">\n\t\t\t\t<div class=\"elementor-widget-container\">\n\t\t\t\t\t<div \tclass=\"sc_icons color_style_link2 sc_icons_simple sc_icons_size_small sc_align_none\" ><div class=\"sc_icons_item with_more\"><div class=\"sc_icons_icon sc_icon_type_ icon-marker\" ><span class=\"sc_icon_type_ icon-marker\"><\/span><\/div><div class=\"sc_icons_item_details\"><div class=\"sc_icons_item_description\"><span>Souq aljumma, Tripoli, Libye<\/span><\/div><\/div><\/div><div class=\"sc_icons_item sc_icons_item_linked with_more\"><div class=\"sc_icons_icon sc_icon_type_ icon-iphone\" ><span class=\"sc_icon_type_ icon-iphone\"><\/span><\/div><div class=\"sc_icons_item_details\"><a href=\"tel:+218925073937\" class=\"sc_icons_item_more_link\">\n                        <span class=\"link_text\">+218-92-507-3937<\/span><span class=\"link_icon\"><\/span>\n                        <\/a><a href=\"tel:+218925073937\"\n                        class=\"sc_icons_item_link\">\n                        <\/a><\/div><\/div><div class=\"sc_icons_item with_more\"><div class=\"sc_icons_icon sc_icon_type_ icon-envelope-2\" ><span class=\"sc_icon_type_ icon-envelope-2\"><\/span><\/div><div class=\"sc_icons_item_details\"><div class=\"sc_icons_item_description\"><span><a href=\"mailto:info@al-samiya.com\">info@al-samiya.com<\/a><\/span><\/div><\/div><\/div><\/div><!-- \/.sc_icons -->\t\t\t\t<\/div>\n\t\t\t\t<\/div>\n\t\t\t\t\t<\/div>\n\t\t<\/div>\n\t\t\t\t<div class=\"elementor-column elementor-col-50 elementor-top-column elementor-element elementor-element-5a82a81f sc_content_align_inherit sc_layouts_column_icons_position_left sc_fly_static\" data-id=\"5a82a81f\" data-element_type=\"column\" data-e-type=\"column\">\n\t\t\t<div class=\"elementor-widget-wrap elementor-element-populated\">\n\t\t\t\t\t\t<div class=\"elementor-element elementor-element-2c216044 sc_fly_static elementor-widget elementor-widget-spacer\" data-id=\"2c216044\" data-element_type=\"widget\" data-e-type=\"widget\" data-widget_type=\"spacer.default\">\n\t\t\t\t<div class=\"elementor-widget-container\">\n\t\t\t\t\t\t\t<div class=\"elementor-spacer\">\n\t\t\t<div class=\"elementor-spacer-inner\"><\/div>\n\t\t<\/div>\n\t\t\t\t\t\t<\/div>\n\t\t\t\t<\/div>\n\t\t\t\t<div class=\"elementor-element elementor-element-3a639ee9 sc_fly_static elementor-widget elementor-widget-trx_sc_contact_form_7\" data-id=\"3a639ee9\" data-element_type=\"widget\" data-e-type=\"widget\" data-widget_type=\"trx_sc_contact_form_7.default\">\n\t\t\t\t<div class=\"elementor-widget-container\">\n\t\t\t\t\t\n<div class=\"wpcf7 no-js\" id=\"wpcf7-f59628-o1\" lang=\"fr-FR\" dir=\"ltr\" data-wpcf7-id=\"59628\">\n<div class=\"screen-reader-response\"><p role=\"status\" aria-live=\"polite\" aria-atomic=\"true\"><\/p> <ul><\/ul><\/div>\n<form action=\"\/fr\/wp-json\/wp\/v2\/pages\/59607#wpcf7-f59628-o1\" method=\"post\" class=\"wpcf7-form init\" aria-label=\"Formulaire de contact\" novalidate=\"novalidate\" data-status=\"init\">\n<fieldset class=\"hidden-fields-container\"><input type=\"hidden\" name=\"_wpcf7\" value=\"59628\" \/><input type=\"hidden\" name=\"_wpcf7_version\" value=\"6.1.5\" \/><input type=\"hidden\" name=\"_wpcf7_locale\" value=\"fr_FR\" \/><input type=\"hidden\" name=\"_wpcf7_unit_tag\" value=\"wpcf7-f59628-o1\" \/><input type=\"hidden\" name=\"_wpcf7_container_post\" value=\"0\" \/><input type=\"hidden\" name=\"_wpcf7_posted_data_hash\" value=\"\" \/>\n<\/fieldset>\n<div class=\"form-style-1\">\n\t<div class=\"columns_wrap\">\n\t\t<div class=\"column-1_2\">\n\t\t\t<p><span class=\"style-line\"><span class=\"wpcf7-form-control-wrap\" data-name=\"your-name\"><input size=\"40\" maxlength=\"400\" class=\"wpcf7-form-control wpcf7-text wpcf7-validates-as-required\" aria-required=\"true\" aria-invalid=\"false\" placeholder=\"Nom\" value=\"\" type=\"text\" name=\"your-name\" \/><\/span><\/span>\n\t\t\t<\/p>\n\t\t<\/div>\n\t\t<div class=\"column-1_2\">\n\t\t\t<p><span class=\"style-line\"><span class=\"wpcf7-form-control-wrap\" data-name=\"your-email\"><input size=\"40\" maxlength=\"400\" class=\"wpcf7-form-control wpcf7-email wpcf7-validates-as-required wpcf7-text wpcf7-validates-as-email\" aria-required=\"true\" aria-invalid=\"false\" placeholder=\"Adresse e-mail\" value=\"\" type=\"email\" name=\"your-email\" \/><\/span><\/span>\n\t\t\t<\/p>\n\t\t<\/div>\n\t<\/div>\n\t<div class=\"columns_wrap\">\n\t\t<div class=\"column-1_2\">\n\t\t\t<p><span class=\"style-line\"><span class=\"wpcf7-form-control-wrap\" data-name=\"phone\"><input size=\"40\" maxlength=\"400\" class=\"wpcf7-form-control wpcf7-tel wpcf7-validates-as-required wpcf7-text wpcf7-validates-as-tel\" aria-required=\"true\" aria-invalid=\"false\" placeholder=\"Phone\" value=\"\" type=\"tel\" name=\"phone\" \/><\/span><\/span>\n\t\t\t<\/p>\n\t\t<\/div>\n\t\t<div class=\"column-1_2\">\n\t\t\t<p><span class=\"style-line\"><span class=\"wpcf7-form-control-wrap\" data-name=\"subject\"><input size=\"40\" maxlength=\"400\" class=\"wpcf7-form-control wpcf7-text wpcf7-validates-as-required\" aria-required=\"true\" aria-invalid=\"false\" placeholder=\"Subject\" value=\"\" type=\"text\" name=\"subject\" \/><\/span><\/span>\n\t\t\t<\/p>\n\t\t<\/div>\n\t<\/div>\n\t<div class=\"columns_wrap margin-bottom\">\n\t\t<div class=\"column-1_1\">\n\t\t\t<p><span class=\"style-line\"><span class=\"wpcf7-form-control-wrap\" data-name=\"your-message\"><textarea cols=\"40\" rows=\"10\" maxlength=\"2000\" class=\"wpcf7-form-control wpcf7-textarea wpcf7-validates-as-required\" aria-required=\"true\" aria-invalid=\"false\" placeholder=\"Comment pouvons-nous vous aider ? N&#039;h\u00e9sitez pas \u00e0 nous contacter !\" name=\"your-message\"><\/textarea><\/span><\/span>\n\t\t\t<\/p>\n\t\t<\/div>\n\t<\/div>\n\t<p><input class=\"wpcf7-form-control wpcf7-submit has-spinner\" type=\"submit\" value=\"Prenez contact avec nous\" \/><span class=\"wpcf7-form-control-wrap\" data-name=\"acceptance\"><span class=\"wpcf7-form-control wpcf7-acceptance\"><span class=\"wpcf7-list-item\"><label><input type=\"checkbox\" name=\"acceptance\" value=\"1\" aria-invalid=\"false\" \/><span class=\"wpcf7-list-item-label\">J'accepte que les donn\u00e9es que j'ai fournies soient <a href=\"\/privacy-policy\/\">collect\u00e9es et stock\u00e9es<\/a>.<\/span><\/label><\/span><\/span><\/span>\n\t<\/p>\n<\/div><div class=\"wpcf7-response-output\" aria-hidden=\"true\"><\/div>\n<\/form>\n<\/div>\n\t\t\t\t<\/div>\n\t\t\t\t<\/div>\n\t\t\t\t\t<\/div>\n\t\t<\/div>\n\t\t\t\t\t<\/div>\n\t\t<\/section>\n\t\t\t\t<section class=\"elementor-section elementor-top-section elementor-element elementor-element-7efb7b8 elementor-section-full_width elementor-section-height-default elementor-section-height-default sc_fly_static\" data-id=\"7efb7b8\" data-element_type=\"section\" data-e-type=\"section\">\n\t\t\t\t\t\t<div class=\"elementor-container elementor-column-gap-no\">\n\t\t\t\t\t<div class=\"elementor-column elementor-col-100 elementor-top-column elementor-element elementor-element-3da0603 sc_content_align_inherit sc_layouts_column_icons_position_left sc_fly_static\" data-id=\"3da0603\" data-element_type=\"column\" data-e-type=\"column\">\n\t\t\t<div class=\"elementor-widget-wrap elementor-element-populated\">\n\t\t\t\t\t\t<div class=\"elementor-element elementor-element-e7e828b sc_height_huge sc_fly_static elementor-widget elementor-widget-spacer\" data-id=\"e7e828b\" data-element_type=\"widget\" data-e-type=\"widget\" data-widget_type=\"spacer.default\">\n\t\t\t\t<div class=\"elementor-widget-container\">\n\t\t\t\t\t\t\t<div class=\"elementor-spacer\">\n\t\t\t<div class=\"elementor-spacer-inner\"><\/div>\n\t\t<\/div>\n\t\t\t\t\t\t<\/div>\n\t\t\t\t<\/div>\n\t\t\t\t<div class=\"elementor-element elementor-element-dbbc871 sc_fly_static elementor-widget elementor-widget-trx_sc_title\" data-id=\"dbbc871\" data-element_type=\"widget\" data-e-type=\"widget\" data-widget_type=\"trx_sc_title.default\">\n\t\t\t\t<div class=\"elementor-widget-container\">\n\t\t\t\t\t<div\t\tclass=\"sc_title sc_title_default\" ><span class=\"sc_item_subtitle sc_title_subtitle sc_align_center sc_item_subtitle_above sc_item_title_style_default\">Localisation<\/span><h1 class=\"sc_item_title sc_title_title sc_align_center sc_item_title_style_default sc_item_title_tag\"\n\t\t\t><span class=\"sc_item_title_text\">O\u00f9 nous trouver<\/span><\/h1><\/div>\t\t\t\t<\/div>\n\t\t\t\t<\/div>\n\t\t\t\t<div class=\"elementor-element elementor-element-4ab17d2 sc_height_small sc_fly_static elementor-widget elementor-widget-spacer\" data-id=\"4ab17d2\" data-element_type=\"widget\" data-e-type=\"widget\" data-widget_type=\"spacer.default\">\n\t\t\t\t<div class=\"elementor-widget-container\">\n\t\t\t\t\t\t\t<div class=\"elementor-spacer\">\n\t\t\t<div class=\"elementor-spacer-inner\"><\/div>\n\t\t<\/div>\n\t\t\t\t\t\t<\/div>\n\t\t\t\t<\/div>\n\t\t\t\t<div class=\"elementor-element elementor-element-4e1166d style-switcher-tabs sc_fly_static elementor-widget elementor-widget-trx_sc_switcher\" data-id=\"4e1166d\" data-element_type=\"widget\" data-e-type=\"widget\" data-widget_type=\"trx_sc_switcher.default\">\n\t\t\t\t<div class=\"elementor-widget-container\">\n\t\t\t\t\t<div \t\tclass=\"sc_switcher sc_switcher_tabs sc_switcher_effect_fade\" ><div class=\"sc_switcher_content sc_item_content\" >\n\t\t\t<div class=\"sc_switcher_tabs_controls\"><div class=\"sc_switcher_tab sc_switcher_tab_active\" data-tab=\"1\">\n\t\t\t\t\t\t<h5><span style=\"color: #A3ABAF\">01.<\/span> Libya<\/h5> Tripoli city, Souq al jumma<h6>+218-92-507-3937<\/h6>info@al-samiya.com\t\t\t\t\t\t<a href=\"#\" role=\"button\" class=\"sc_switcher_tab_link\"><\/a>\n\t\t\t\t\t<\/div><div class=\"sc_switcher_tab\" data-tab=\"2\">\n\t\t\t\t\t\t<h5><span style=\"color: #A3ABAF\">02.<\/span> England<\/h5> London<h6>+218-92-507-3937<\/h6>info@al-samiya.com\t\t\t\t\t\t<a href=\"#\" role=\"button\" class=\"sc_switcher_tab_link\"><\/a>\n\t\t\t\t\t<\/div><\/div>\n\t\t\t<div class=\"sc_switcher_sections\" >\n\t\t\t\t<div class=\"sc_switcher_slider sc_switcher_slider_2\">\n\t\t\t\t\t<div class=\"sc_switcher_section sc_switcher_section_active\" data-section=\"map-1\">\n\t\t\t\t\t\t\t\t\t\t\t\t\t<\/div>\n\t\t\t\t\t\t<div class=\"sc_switcher_section\" data-section=\"map-2\">\n\t\t\t\t\t\t\t\t\t\t\t\t\t<\/div>\n\t\t\t\t\t\t\t\t\t\t<\/div>\n\t\t\t<\/div>\n\t\t<\/div><\/div>\t\t\t\t<\/div>\n\t\t\t\t<\/div>\n\t\t\t\t\t<\/div>\n\t\t<\/div>\n\t\t\t\t\t<\/div>\n\t\t<\/section>\n\t\t\t\t<section class=\"elementor-section elementor-top-section elementor-element elementor-element-5efcdb0 elementor-section-full_width elementor-section-height-default elementor-section-height-default sc_fly_static\" data-id=\"5efcdb0\" data-element_type=\"section\" data-e-type=\"section\" id=\"map-1\">\n\t\t\t\t\t\t<div class=\"elementor-container elementor-column-gap-extended\">\n\t\t\t\t\t<div class=\"elementor-column elementor-col-100 elementor-top-column elementor-element elementor-element-58053ab sc_content_align_inherit sc_layouts_column_icons_position_left sc_fly_static\" data-id=\"58053ab\" data-element_type=\"column\" data-e-type=\"column\">\n\t\t\t<div class=\"elementor-widget-wrap elementor-element-populated\">\n\t\t\t\t\t\t<div class=\"elementor-element elementor-element-4ee9c4c sc_fly_static elementor-widget elementor-widget-spacer\" data-id=\"4ee9c4c\" data-element_type=\"widget\" data-e-type=\"widget\" data-widget_type=\"spacer.default\">\n\t\t\t\t<div class=\"elementor-widget-container\">\n\t\t\t\t\t\t\t<div class=\"elementor-spacer\">\n\t\t\t<div class=\"elementor-spacer-inner\"><\/div>\n\t\t<\/div>\n\t\t\t\t\t\t<\/div>\n\t\t\t\t<\/div>\n\t\t\t\t<div class=\"elementor-element elementor-element-011cc8c sc_fly_static elementor-widget elementor-widget-trx_sc_googlemap\" data-id=\"011cc8c\" data-element_type=\"widget\" data-e-type=\"widget\" data-widget_type=\"trx_sc_googlemap.default\">\n\t\t\t\t<div class=\"elementor-widget-container\">\n\t\t\t\t\t<div id=\"sc_googlemap_1827602095_wrap\" class=\"sc_googlemap_wrap\"><div id=\"sc_googlemap_1827602095\"\t\t\tclass=\"sc_item_content sc_map sc_googlemap sc_googlemap_default trx_addons_inline_1906273686\"\n\t\t\t \t\t\tdata-zoom=\"11\"\n\t\t\tdata-center=\"\"\n\t\t\tdata-style=\"extra\"\n\t\t\tdata-map-id=\"\"\n\t\t\tdata-cluster-icon=\"\"\n\t\t\t><div id=\"sc_googlemap_1827602095_1\"\t\t\t\t\t\t\tclass=\"sc_googlemap_marker\"\n\t\t\t\t\t\t\tdata-address=\"32.888413, 13.184902\"\n\t\t\t\t\t\t\tdata-description=\"\"\n\t\t\t\t\t\t\tdata-title=\"Un\"\n\t\t\t\t\t\t\tdata-animation=\"none\"\n\t\t\t\t\t\t\tdata-html=\"&lt;div class=&quot;map_marker_2&quot;&gt;&lt;\/div&gt;\n\"\n\t\t\t\t\t\t\tdata-url=\"\"\n\t\t\t\t\t\t\tdata-icon=\"\"\n\t\t\t\t\t\t\tdata-icon_shadow=\"\"\n\t\t\t\t\t\t\tdata-icon_width=\"\"\n\t\t\t\t\t\t\tdata-icon_height=\"\"\n\t\t\t\t\t><\/div><\/div><\/div>\t\t\t\t<\/div>\n\t\t\t\t<\/div>\n\t\t\t\t\t<\/div>\n\t\t<\/div>\n\t\t\t\t\t<\/div>\n\t\t<\/section>\n\t\t\t\t<section class=\"elementor-section elementor-top-section elementor-element elementor-element-310fbbf elementor-section-full_width elementor-section-height-default elementor-section-height-default sc_fly_static\" data-id=\"310fbbf\" data-element_type=\"section\" data-e-type=\"section\" id=\"map-2\">\n\t\t\t\t\t\t<div class=\"elementor-container elementor-column-gap-extended\">\n\t\t\t\t\t<div class=\"elementor-column elementor-col-100 elementor-top-column elementor-element elementor-element-3bd0fc3 sc_content_align_inherit sc_layouts_column_icons_position_left sc_fly_static\" data-id=\"3bd0fc3\" data-element_type=\"column\" data-e-type=\"column\">\n\t\t\t<div class=\"elementor-widget-wrap elementor-element-populated\">\n\t\t\t\t\t\t<div class=\"elementor-element elementor-element-d67f8ec sc_fly_static elementor-widget elementor-widget-spacer\" data-id=\"d67f8ec\" data-element_type=\"widget\" data-e-type=\"widget\" data-widget_type=\"spacer.default\">\n\t\t\t\t<div class=\"elementor-widget-container\">\n\t\t\t\t\t\t\t<div class=\"elementor-spacer\">\n\t\t\t<div class=\"elementor-spacer-inner\"><\/div>\n\t\t<\/div>\n\t\t\t\t\t\t<\/div>\n\t\t\t\t<\/div>\n\t\t\t\t<div class=\"elementor-element elementor-element-084f4ba sc_fly_static elementor-widget elementor-widget-trx_sc_googlemap\" data-id=\"084f4ba\" data-element_type=\"widget\" data-e-type=\"widget\" data-widget_type=\"trx_sc_googlemap.default\">\n\t\t\t\t<div class=\"elementor-widget-container\">\n\t\t\t\t\t<div id=\"sc_googlemap_1865259293_wrap\" class=\"sc_googlemap_wrap\"><div id=\"sc_googlemap_1865259293\"\t\t\tclass=\"sc_item_content sc_map sc_googlemap sc_googlemap_default trx_addons_inline_1289044162\"\n\t\t\t \t\t\tdata-zoom=\"12\"\n\t\t\tdata-center=\"\"\n\t\t\tdata-style=\"extra\"\n\t\t\tdata-map-id=\"\"\n\t\t\tdata-cluster-icon=\"\"\n\t\t\t><div id=\"sc_googlemap_1865259293_1\"\t\t\t\t\t\t\tclass=\"sc_googlemap_marker\"\n\t\t\t\t\t\t\tdata-address=\"51.507565, -0.127722\"\n\t\t\t\t\t\t\tdata-description=\"\"\n\t\t\t\t\t\t\tdata-title=\"Un\"\n\t\t\t\t\t\t\tdata-animation=\"none\"\n\t\t\t\t\t\t\tdata-html=\"&lt;div class=&quot;map_marker_2&quot;&gt;&lt;\/div&gt;\n\"\n\t\t\t\t\t\t\tdata-url=\"\"\n\t\t\t\t\t\t\tdata-icon=\"\"\n\t\t\t\t\t\t\tdata-icon_shadow=\"\"\n\t\t\t\t\t\t\tdata-icon_width=\"\"\n\t\t\t\t\t\t\tdata-icon_height=\"\"\n\t\t\t\t\t><\/div><\/div><\/div>\t\t\t\t<\/div>\n\t\t\t\t<\/div>\n\t\t\t\t\t<\/div>\n\t\t<\/div>\n\t\t\t\t\t<\/div>\n\t\t<\/section>\n\t\t\t\t<\/div>\n\t\t","protected":false},"excerpt":{"rendered":"<p>Contactez nous Vous avez des questions ? Prenez contact avec nous ! Nous sommes l\u00e0 pour \u00e9tablir des liens avec les fabricants, les fournisseurs et les professionnels de la sant\u00e9.&hellip;<\/p>\n","protected":false},"author":1,"featured_media":0,"parent":0,"menu_order":0,"comment_status":"closed","ping_status":"closed","template":"","meta":{"footnotes":""},"class_list":["post-59607","page","type-page","status-publish","hentry"],"yoast_head":"<!-- This site is optimized with the Yoast SEO plugin v27.6 - https:\/\/yoast.com\/product\/yoast-seo-wordpress\/ -->\n<title>Contactez nous - Alsamiya<\/title>\n<meta name=\"robots\" content=\"index, follow, max-snippet:-1, max-image-preview:large, max-video-preview:-1\" \/>\n<link rel=\"canonical\" href=\"https:\/\/al-samiya.com\/fr\/contactez-nous\/\" \/>\n<meta property=\"og:locale\" content=\"fr_FR\" \/>\n<meta property=\"og:type\" content=\"article\" \/>\n<meta property=\"og:title\" content=\"Contactez nous - Alsamiya\" \/>\n<meta property=\"og:description\" content=\"Contactez nous Vous avez des questions ? Prenez contact avec nous ! Nous sommes l\u00e0 pour \u00e9tablir des liens avec les fabricants, les fournisseurs et les professionnels de la sant\u00e9.&hellip;\" \/>\n<meta property=\"og:url\" content=\"https:\/\/al-samiya.com\/fr\/contactez-nous\/\" \/>\n<meta property=\"og:site_name\" content=\"Alsamiya\" \/>\n<meta property=\"article:modified_time\" content=\"2025-05-29T04:58:20+00:00\" \/>\n<meta name=\"twitter:card\" content=\"summary_large_image\" \/>\n<script type=\"application\/ld+json\" class=\"yoast-schema-graph\">{\"@context\":\"https:\\\/\\\/schema.org\",\"@graph\":[{\"@type\":\"WebPage\",\"@id\":\"https:\\\/\\\/al-samiya.com\\\/fr\\\/contactez-nous\\\/\",\"url\":\"https:\\\/\\\/al-samiya.com\\\/fr\\\/contactez-nous\\\/\",\"name\":\"Contactez nous - Alsamiya\",\"isPartOf\":{\"@id\":\"https:\\\/\\\/al-samiya.com\\\/fr\\\/#website\"},\"datePublished\":\"2024-06-30T09:12:41+00:00\",\"dateModified\":\"2025-05-29T04:58:20+00:00\",\"breadcrumb\":{\"@id\":\"https:\\\/\\\/al-samiya.com\\\/fr\\\/contactez-nous\\\/#breadcrumb\"},\"inLanguage\":\"fr-FR\",\"potentialAction\":[{\"@type\":\"ReadAction\",\"target\":[\"https:\\\/\\\/al-samiya.com\\\/fr\\\/contactez-nous\\\/\"]}]},{\"@type\":\"BreadcrumbList\",\"@id\":\"https:\\\/\\\/al-samiya.com\\\/fr\\\/contactez-nous\\\/#breadcrumb\",\"itemListElement\":[{\"@type\":\"ListItem\",\"position\":1,\"name\":\"Home\",\"item\":\"https:\\\/\\\/al-samiya.com\\\/fr\\\/page-daccueil\\\/\"},{\"@type\":\"ListItem\",\"position\":2,\"name\":\"Contactez nous\"}]},{\"@type\":\"WebSite\",\"@id\":\"https:\\\/\\\/al-samiya.com\\\/fr\\\/#website\",\"url\":\"https:\\\/\\\/al-samiya.com\\\/fr\\\/\",\"name\":\"Alsamiya\",\"description\":\"Pharmaceuticals &amp; Healthcare Equipments\",\"publisher\":{\"@id\":\"https:\\\/\\\/al-samiya.com\\\/fr\\\/#organization\"},\"potentialAction\":[{\"@type\":\"SearchAction\",\"target\":{\"@type\":\"EntryPoint\",\"urlTemplate\":\"https:\\\/\\\/al-samiya.com\\\/fr\\\/?s={search_term_string}\"},\"query-input\":{\"@type\":\"PropertyValueSpecification\",\"valueRequired\":true,\"valueName\":\"search_term_string\"}}],\"inLanguage\":\"fr-FR\"},{\"@type\":\"Organization\",\"@id\":\"https:\\\/\\\/al-samiya.com\\\/fr\\\/#organization\",\"name\":\"Alsamiya\",\"url\":\"https:\\\/\\\/al-samiya.com\\\/fr\\\/\",\"logo\":{\"@type\":\"ImageObject\",\"inLanguage\":\"fr-FR\",\"@id\":\"https:\\\/\\\/al-samiya.com\\\/fr\\\/#\\\/schema\\\/logo\\\/image\\\/\",\"url\":\"https:\\\/\\\/al-samiya.com\\\/wp-content\\\/uploads\\\/2024\\\/03\\\/SIte-logo-blue.avif\",\"contentUrl\":\"https:\\\/\\\/al-samiya.com\\\/wp-content\\\/uploads\\\/2024\\\/03\\\/SIte-logo-blue.avif\",\"width\":1257,\"height\":499,\"caption\":\"Alsamiya\"},\"image\":{\"@id\":\"https:\\\/\\\/al-samiya.com\\\/fr\\\/#\\\/schema\\\/logo\\\/image\\\/\"}}]}<\/script>\n<!-- \/ Yoast SEO plugin. -->","yoast_head_json":{"title":"Contactez nous - Alsamiya","robots":{"index":"index","follow":"follow","max-snippet":"max-snippet:-1","max-image-preview":"max-image-preview:large","max-video-preview":"max-video-preview:-1"},"canonical":"https:\/\/al-samiya.com\/fr\/contactez-nous\/","og_locale":"fr_FR","og_type":"article","og_title":"Contactez nous - Alsamiya","og_description":"Contactez nous Vous avez des questions ? Prenez contact avec nous ! Nous sommes l\u00e0 pour \u00e9tablir des liens avec les fabricants, les fournisseurs et les professionnels de la sant\u00e9.&hellip;","og_url":"https:\/\/al-samiya.com\/fr\/contactez-nous\/","og_site_name":"Alsamiya","article_modified_time":"2025-05-29T04:58:20+00:00","twitter_card":"summary_large_image","schema":{"@context":"https:\/\/schema.org","@graph":[{"@type":"WebPage","@id":"https:\/\/al-samiya.com\/fr\/contactez-nous\/","url":"https:\/\/al-samiya.com\/fr\/contactez-nous\/","name":"Contactez nous - Alsamiya","isPartOf":{"@id":"https:\/\/al-samiya.com\/fr\/#website"},"datePublished":"2024-06-30T09:12:41+00:00","dateModified":"2025-05-29T04:58:20+00:00","breadcrumb":{"@id":"https:\/\/al-samiya.com\/fr\/contactez-nous\/#breadcrumb"},"inLanguage":"fr-FR","potentialAction":[{"@type":"ReadAction","target":["https:\/\/al-samiya.com\/fr\/contactez-nous\/"]}]},{"@type":"BreadcrumbList","@id":"https:\/\/al-samiya.com\/fr\/contactez-nous\/#breadcrumb","itemListElement":[{"@type":"ListItem","position":1,"name":"Home","item":"https:\/\/al-samiya.com\/fr\/page-daccueil\/"},{"@type":"ListItem","position":2,"name":"Contactez nous"}]},{"@type":"WebSite","@id":"https:\/\/al-samiya.com\/fr\/#website","url":"https:\/\/al-samiya.com\/fr\/","name":"Alsamiya","description":"Pharmaceuticals &amp; Healthcare Equipments","publisher":{"@id":"https:\/\/al-samiya.com\/fr\/#organization"},"potentialAction":[{"@type":"SearchAction","target":{"@type":"EntryPoint","urlTemplate":"https:\/\/al-samiya.com\/fr\/?s={search_term_string}"},"query-input":{"@type":"PropertyValueSpecification","valueRequired":true,"valueName":"search_term_string"}}],"inLanguage":"fr-FR"},{"@type":"Organization","@id":"https:\/\/al-samiya.com\/fr\/#organization","name":"Alsamiya","url":"https:\/\/al-samiya.com\/fr\/","logo":{"@type":"ImageObject","inLanguage":"fr-FR","@id":"https:\/\/al-samiya.com\/fr\/#\/schema\/logo\/image\/","url":"https:\/\/al-samiya.com\/wp-content\/uploads\/2024\/03\/SIte-logo-blue.avif","contentUrl":"https:\/\/al-samiya.com\/wp-content\/uploads\/2024\/03\/SIte-logo-blue.avif","width":1257,"height":499,"caption":"Alsamiya"},"image":{"@id":"https:\/\/al-samiya.com\/fr\/#\/schema\/logo\/image\/"}}]}},"_links":{"self":[{"href":"https:\/\/al-samiya.com\/fr\/wp-json\/wp\/v2\/pages\/59607","targetHints":{"allow":["GET"]}}],"collection":[{"href":"https:\/\/al-samiya.com\/fr\/wp-json\/wp\/v2\/pages"}],"about":[{"href":"https:\/\/al-samiya.com\/fr\/wp-json\/wp\/v2\/types\/page"}],"author":[{"embeddable":true,"href":"https:\/\/al-samiya.com\/fr\/wp-json\/wp\/v2\/users\/1"}],"replies":[{"embeddable":true,"href":"https:\/\/al-samiya.com\/fr\/wp-json\/wp\/v2\/comments?post=59607"}],"version-history":[{"count":1,"href":"https:\/\/al-samiya.com\/fr\/wp-json\/wp\/v2\/pages\/59607\/revisions"}],"predecessor-version":[{"id":59614,"href":"https:\/\/al-samiya.com\/fr\/wp-json\/wp\/v2\/pages\/59607\/revisions\/59614"}],"wp:attachment":[{"href":"https:\/\/al-samiya.com\/fr\/wp-json\/wp\/v2\/media?parent=59607"}],"curies":[{"name":"wp","href":"https:\/\/api.w.org\/{rel}","templated":true}]}}